{"id":12903,"date":"2022-05-27T12:03:02","date_gmt":"2022-05-27T15:03:02","guid":{"rendered":"https:\/\/www.openenglish.com\/us-br\/?page_id=12903"},"modified":"2025-10-07T17:04:44","modified_gmt":"2025-10-07T20:04:44","slug":"suporte","status":"publish","type":"page","link":"https:\/\/www.openenglish.com\/us-br\/suporte\/","title":{"rendered":"OE BR | New Page | Soporte 2022"},"content":{"rendered":"<a id=\"liveagent_button_online_573i00000002fu4\" href=\"javascript:\/\/Chat\" style=\"display: none;\" onclick=\"liveagent.startChat('573i00000002fu4')\" class=\"chat-container\"><i class=\"bubble-chat-sf\"><\/i><span class=\"copy-chat-sf\" >Resolva Aqui<\/span><\/a>\r\n<div id=\"liveagent_button_offline_573i00000002fu4\" style=\"display: none;\">Offline Form Chat Content<\/div>\r\n\r\n<section class=\"hero-soporte\">\r\n    <div class=\"container\">\r\n        <div class=\"row\">\r\n            <div class=\"col-12 col-lg-6\">\r\n                <div class=\"hero-soporte__copy-wrapper\">\r\n                    <p class=\"hero-soporte__copy\">Precisa de ajuda?<\/p>\r\n                    <h2 class=\"hero-soporte__title\">Liga pra <br class=\"d-md-none\">Open English, que a gente resolve!<\/h2>\r\n                <\/div>\r\n            <\/div>\r\n            <div class=\"col-12 col-lg-6\">\r\n                <div class=\"hero-soporte__image-wrapper\">\r\n                    <picture>\r\n                        <source media=\"(max-width: 767px)\" \r\n                                srcset=\"https:\/\/www.dev.openenglish.com.br\/inter\/us-br\/wp-content\/uploads\/sites\/7\/sites\/21\/2022\/05\/hero-soporte-character-320_1x.png 1x,\r\n                                https:\/\/www.dev.openenglish.com.br\/inter\/us-br\/wp-content\/uploads\/sites\/7\/sites\/21\/2022\/05\/hero-soporte-character-320_2x.png 2x\">\r\n\r\n                        <source media=\"(min-width: 768px) and (max-width: 991px)\" \r\n                                srcset=\"https:\/\/www.dev.openenglish.com.br\/inter\/us-br\/wp-content\/uploads\/sites\/7\/sites\/21\/2022\/05\/hero-soporte-character-768_1x.png 1x,\r\n                                https:\/\/www.dev.openenglish.com.br\/inter\/us-br\/wp-content\/uploads\/sites\/7\/sites\/21\/2022\/05\/hero-soporte-character-768_2x.png 2x\">\r\n\r\n                        <source media=\"(min-width: 992px) and (max-width: 1199px)\" \r\n                                srcset=\"https:\/\/www.dev.openenglish.com.br\/inter\/us-br\/wp-content\/uploads\/sites\/7\/sites\/21\/2022\/05\/hero-soporte-character-992_1x.png 1x,\r\n                                https:\/\/www.dev.openenglish.com.br\/inter\/us-br\/wp-content\/uploads\/sites\/7\/sites\/21\/2022\/05\/hero-soporte-character-992_2x.png 2x\">\r\n\r\n                        <source media=\"(min-width: 1200px)\" \r\n                                srcset=\"https:\/\/www.dev.openenglish.com.br\/inter\/us-br\/wp-content\/uploads\/sites\/7\/sites\/21\/2022\/05\/hero-soporte-character-1200_1x.png 1x,\r\n                                https:\/\/www.dev.openenglish.com.br\/inter\/us-br\/wp-content\/uploads\/sites\/7\/sites\/21\/2022\/05\/hero-soporte-character-1200_2x.png 2x\">\r\n\r\n                        <img decoding=\"async\" class=\"hero-soporte__image\" \r\n                             alt=\"\" \r\n                             src=\"https:\/\/www.dev.openenglish.com.br\/inter\/us-br\/wp-content\/uploads\/sites\/7\/sites\/21\/2022\/05\/hero-soporte-character-1200_1x.png\">\r\n                    <\/picture>\r\n                <\/div>\r\n            <\/div>\r\n        <\/div>\r\n    <\/div>\r\n<\/section>\r\n\r\n<section class=\"faq section--background-white gap-m\">\r\n    <div class=\"container\">\r\n        <div class=\"row align-items-center d-flex justify-content-center\">\r\n            <div class=\"col-12\">\r\n                <div class=\"text-center h-2__content-wrapper\">\r\n                    <h2 class=\"h-2__title--30\">Voc\u00ea tem alguma d\u00favida?<\/h2>\r\n                    <p class=\"faq__copy faq__copy-align-1\">Que tal conferir a nossa se\u00e7\u00e3o de perguntas frequentes? Aqui, voc\u00ea encontra as respostas para as d\u00favidas mais comuns sobre a Open English. Saiba como funciona o nosso curso, como s\u00e3o as aulas ao vivo, como voc\u00ea vai aprender ingl\u00eas, por que o nosso m\u00e9todo \u00e9 mais f\u00e1cil e r\u00e1pido e como fazer para se inscrever e come\u00e7ar o seu curso.<\/p>\r\n                <\/div>\r\n            <\/div>\r\n            <div class=\"col-md-12 col-lg-8 col-sm-12 text-center\">\r\n\r\n                <div class=\"accordion faq__accordion\">\r\n                    <div class=\"row justify-content-center align-items-center no-gutters\">\r\n                        <div class=\"col-11\">\r\n                            <h5 class=\"faq__h5\">Quero me matricular na Open English<\/h5>\r\n                        <\/div>\r\n                        <div class=\"col-1\">\r\n                            <span class=\"icon__orange-down-arrow faq--orange-down-arrow\"><\/span>\r\n                        <\/div>\r\n                    <\/div>\r\n                <\/div>\r\n                <div class=\"faq__panel faq__panel--border\">\r\n                    <p class=\"faq__copy\">\r\n                        Que bom que voc\u00ea quer estudar com a gente! Pra saber mais sobre o curso \u00e9 s\u00f3 ligar pro nosso telefone: 4003-1474 ou preencher os seus dados no <a href=\"https:\/\/stage.new.openenglish.com.br\/comece-agora\/\">formul\u00e1rio de inscri\u00e7\u00e3o<\/a>. Caso voc\u00ea queira conhecer os nossos planos corporativos, deixe os dados da sua empresa <a href=\"https:\/\/stage.new.openenglish.com.br\/para-empresas\/\">aqui<\/a>.\r\n                    <\/p>\r\n                <\/div>\r\n\r\n                <div class=\"accordion faq__accordion\">\r\n                    <div class=\"row justify-content-center align-items-center no-gutters\">\r\n                        <div class=\"col-11\">\r\n                            <h5 class=\"faq__h5\">Sou aluno e preciso de ajuda. O que eu fa\u00e7o?<\/h5>\r\n                        <\/div>\r\n                        <div class=\"col-1\">\r\n                            <span class=\"icon__orange-down-arrow faq--orange-down-arrow\"><\/span>\r\n                        <\/div>\r\n                    <\/div>\r\n                <\/div>\r\n                <div class=\"faq__panel faq__panel--border\">\r\n                    <p class=\"faq__copy\">\r\n                        Voc\u00ea pode ligar pra gente no telefone 4003-1474, conversar conosco via WhatsApp <a href='https:\/\/wa.me\/13057288968'>+1 (305) 728-8968<\/a>, ou se preferir, pode enviar uma mensagem pelo chat dentro da plataforma.\r\n                    <\/p>\r\n                <\/div>\r\n\r\n                <div class=\"accordion faq__accordion\">\r\n                    <div class=\"row justify-content-center align-items-center no-gutters\">\r\n                        <div class=\"col-11\">\r\n                            <h5 class=\"faq__h5\">Sou aluno e tenho d\u00favidas acad\u00eamicas<\/h5>\r\n                        <\/div>\r\n                        <div class=\"col-1\">\r\n                            <span class=\"icon__orange-down-arrow faq--orange-down-arrow\"><\/span>\r\n                        <\/div>\r\n                    <\/div>\r\n                <\/div>\r\n                <div class=\"faq__panel faq__panel--border\">\r\n                    <p class=\"faq__copy\">\r\n                        Se voc\u00ea tem d\u00favidas de ingl\u00eas, pode falar diretamente com os professores durante as aulas ao vivo. Agora, se a sua d\u00favida surgir enquanto voc\u00ea estiver estudando em outras se\u00e7\u00f5es da plataforma, \u00e9 s\u00f3 usar a ferramenta <strong>\u201cAsk the Teacher\u201d<\/strong>, que os nossos professores v\u00e3o te ajudar!\r\n                    <\/p>\r\n                <\/div>\r\n\r\n                <div class=\"accordion faq__accordion\">\r\n                    <div class=\"row justify-content-center align-items-center no-gutters\">\r\n                        <div class=\"col-11\">\r\n                            <h5 class=\"faq__h5\">Como fa\u00e7o para falar com outros alunos?<\/h5>\r\n                        <\/div>\r\n                        <div class=\"col-1\">\r\n                            <span class=\"icon__orange-down-arrow faq--orange-down-arrow\"><\/span>\r\n                        <\/div>\r\n                    <\/div>\r\n                <\/div>\r\n                <div class=\"faq__panel faq__panel--border\">\r\n                    <p class=\"faq__copy\">\r\n                        Que tal fazer parte do nosso <a href=\"https:\/\/www.facebook.com\/groups\/268063867761673\">grupo exclusivo no Facebook<\/a>? L\u00e1, voc\u00ea pode interagir com outros alunos, al\u00e9m de ter acesso a conte\u00fados exclusivos pra continuar praticando e melhorando o seu ingl\u00eas.\r\n                    <\/p>\r\n                <\/div>\r\n\r\n                <div class=\"accordion faq__accordion\">\r\n                    <div class=\"row justify-content-center align-items-center no-gutters\">\r\n                        <div class=\"col-11\">\r\n                            <h5 class=\"faq__h5\">Preciso de ajuda com o meu plano corporativo<\/h5>\r\n                        <\/div>\r\n                        <div class=\"col-1\">\r\n                            <span class=\"icon__orange-down-arrow faq--orange-down-arrow\"><\/span>\r\n                        <\/div>\r\n                    <\/div>\r\n                <\/div>\r\n                <div class=\"faq__panel faq__panel--border\">\r\n                    <p class=\"faq__copy\">\r\n                        Se voc\u00ea quer investir na forma\u00e7\u00e3o da sua equipe com o ingl\u00eas, \u00e9 s\u00f3 preencher o <a href=\"https:\/\/stage.new.openenglish.com.br\/para-empresas\/\">formul\u00e1rio<\/a> na nossa p\u00e1gina para empresas. Caso voc\u00ea precise de suporte para um contrato j\u00e1 existente, ligue pra gente em 4003-1474, e estaremos \u00e0 sua disposi\u00e7\u00e3o.\r\n                    <\/p>\r\n                <\/div>\r\n\r\n                <div class=\"accordion faq__accordion\">\r\n                    <div class=\"row justify-content-center align-items-center no-gutters\">\r\n                        <div class=\"col-11\">\r\n                            <h5 class=\"faq__h5\">Quero trabalhar na Open English<\/h5>\r\n                        <\/div>\r\n                        <div class=\"col-1\">\r\n                            <span class=\"icon__orange-down-arrow faq--orange-down-arrow\"><\/span>\r\n                        <\/div>\r\n                    <\/div>\r\n                <\/div>\r\n                <div class=\"faq__panel faq__panel--border\">\r\n                    <p class=\"faq__copy\">\r\n                        Venha fazer parte da melhor equipe de talentos! Voc\u00ea pode se candidatar \u00e0s nossas vagas aqui. E n\u00e3o esque\u00e7a de ficar de olho nosso LinkedIn.\r\n                    <\/p>\r\n                <\/div>\r\n\r\n\r\n                <div class=\"accordion faq__accordion\">\r\n                    <div class=\"row justify-content-center align-items-center no-gutters\">\r\n                        <div class=\"col-11\">\r\n                            <h5 class=\"faq__h5\">Eu tenho outra pergunta. Como posso falar com a Open English?<\/h5>\r\n                        <\/div>\r\n                        <div class=\"col-1\">\r\n                            <span class=\"icon__orange-down-arrow faq--orange-down-arrow\"><\/span>\r\n                        <\/div>\r\n                    <\/div>\r\n                <\/div>\r\n                <div class=\"faq__panel\">\r\n                    <p class=\"faq__copy\">\r\n                        Voc\u00ea pode nos escrever em <a href=\"mailto:info@openenglish.com\">info@openenglish.com<\/a> <br class=\"visible-xs\"> e responderemos com prazer!\r\n                    <\/p>\r\n                <\/div>\r\n            <\/div>\r\n\r\n\r\n            <div class=\"col-12\">\r\n                <div class=\"faq__btn-wrapper\">\r\n                    <a class=\"btn-orange \" href=\"\/suporte\/faq\/\">\r\n                        <div class=\"btn-orange__content-wrapper\">\r\n                            <span class=\"btn-orange__copy\">Ver mais perguntas frequentes<\/span>\r\n                            <span class=\"btn-orange__arrow-yellow\"><\/span>\r\n                        <\/div>\r\n                    <\/a>                                    \r\n                <\/div>\r\n            <\/div>\r\n\r\n        <\/div>\r\n    <\/div>\r\n<\/section>\r\n\r\n\r\n\r\n<section class=\"regions gap-m\">\r\n    <div class=\"container\">\r\n        <div class=\"row\">\r\n            <div class=\"col-12\">\r\n                <h3 class=\"regions__title\">Estamos aqui pra te ajudar!<\/h3>\r\n                <p class=\"regions__copy\">Conte com a gente pra tirar as suas d\u00favidas e te oferecer suporte atrav\u00e9s do servi\u00e7o de atendimento ao cliente Open English. <br class=\"d-md-none d-lg-block\">S\u00e3o mais de 500 assessores \u00e0 sua disposi\u00e7\u00e3o, pra ajudar com qualquer dificuldade que voc\u00ea tenha sobre o seu curso de ingl\u00eas. \u00c9 s\u00f3 ligar pra gente em <a class=\"links--orange\" href=\"tel:4003-1474\">4003-1474<\/a><\/p>\r\n            <\/div>\r\n        <\/div>\r\n    <\/div>\r\n<\/section>","protected":false},"excerpt":{"rendered":"<p>Resolva Aqui Offline Form Chat Content Precisa de ajuda? Liga pra Open English, que a gente resolve! Voc\u00ea tem alguma d\u00favida? Que tal conferir a nossa se\u00e7\u00e3o de perguntas frequentes? Aqui, voc\u00ea encontra as respostas para as d\u00favidas mais comuns sobre a Open English. Saiba como funciona o nosso curso, como s\u00e3o as aulas ao [&hellip;]<\/p>\n","protected":false},"author":12,"featured_media":0,"parent":0,"menu_order":0,"comment_status":"closed","ping_status":"closed","template":"page-b4.php","meta":{"footnotes":""},"class_list":["post-12903","page","type-page","status-publish","hentry"],"yoast_head":"<!-- This site is optimized with the Yoast SEO plugin v26.7 - https:\/\/yoast.com\/wordpress\/plugins\/seo\/ -->\n<title>Suporte Open English - Tem uma D\u00favida T\u00e9cnica? Fale com a gente<\/title>\n<meta name=\"description\" content=\"Se estiver procurando ajuda ou tiver d\u00favidas, n\u00e3o se preocupe. Conte com nossa equipe de suporte, dispon\u00edvel sempre que voc\u00ea precisar.\" \/>\n<meta name=\"robots\" content=\"index, follow, max-snippet:-1, max-image-preview:large, max-video-preview:-1\" \/>\n<link rel=\"canonical\" href=\"https:\/\/www.openenglish.com\/us-br\/suporte\/\" \/>\n<meta property=\"og:locale\" content=\"pt_PT\" \/>\n<meta property=\"og:type\" content=\"article\" \/>\n<meta property=\"og:title\" content=\"Precisa de ajuda? Conte com a gente!\" \/>\n<meta property=\"og:description\" content=\"Assista a nossos tutoriais e encontre as respostas \u00e0s suas d\u00favidas sobre o nosso curso.\" \/>\n<meta property=\"og:url\" content=\"https:\/\/www.openenglish.com\/us-br\/suporte\/\" \/>\n<meta property=\"og:site_name\" content=\"Open English Brasil\" \/>\n<meta property=\"article:publisher\" content=\"https:\/\/www.facebook.com\/OpenEnglishBrazil\/\" \/>\n<meta property=\"article:modified_time\" content=\"2025-10-07T20:04:44+00:00\" \/>\n<meta property=\"og:image\" content=\"https:\/\/www.openenglish.com\/us-br\/us-br\/wp-content\/uploads\/sites\/7\/2015\/12\/Open-English-Logo_og.jpg\" \/>\n\t<meta property=\"og:image:width\" content=\"1200\" \/>\n\t<meta property=\"og:image:height\" content=\"630\" \/>\n\t<meta property=\"og:image:type\" content=\"image\/jpeg\" \/>\n<meta name=\"twitter:card\" content=\"summary_large_image\" \/>\n<meta name=\"twitter:title\" content=\"Precisa de ajuda? Conte com a gente!\" \/>\n<meta name=\"twitter:description\" content=\"Assista a nossos tutoriais e encontre as respostas \u00e0s suas d\u00favidas sobre o nosso curso.\" \/>\n<meta name=\"twitter:site\" content=\"@OpenEnglish\" \/>\n<meta name=\"twitter:label1\" content=\"Est. reading time\" \/>\n\t<meta name=\"twitter:data1\" content=\"3 minutes\" \/>\n<script type=\"application\/ld+json\" class=\"yoast-schema-graph\">{\"@context\":\"https:\/\/schema.org\",\"@graph\":[{\"@type\":\"WebPage\",\"@id\":\"https:\/\/www.openenglish.com\/us-br\/suporte\/\",\"url\":\"https:\/\/www.openenglish.com\/us-br\/suporte\/\",\"name\":\"Suporte Open English - Tem uma D\u00favida T\u00e9cnica? Fale com a gente\",\"isPartOf\":{\"@id\":\"https:\/\/www.openenglish.com\/us-br\/#website\"},\"primaryImageOfPage\":{\"@id\":\"https:\/\/www.openenglish.com\/us-br\/suporte\/#primaryimage\"},\"image\":{\"@id\":\"https:\/\/www.openenglish.com\/us-br\/suporte\/#primaryimage\"},\"thumbnailUrl\":\"https:\/\/www.dev.openenglish.com.br\/inter\/us-br\/wp-content\/uploads\/sites\/7\/sites\/21\/2022\/05\/hero-soporte-character-1200_1x.png\",\"datePublished\":\"2022-05-27T15:03:02+00:00\",\"dateModified\":\"2025-10-07T20:04:44+00:00\",\"description\":\"Se estiver procurando ajuda ou tiver d\u00favidas, n\u00e3o se preocupe. Conte com nossa equipe de suporte, dispon\u00edvel sempre que voc\u00ea precisar.\",\"breadcrumb\":{\"@id\":\"https:\/\/www.openenglish.com\/us-br\/suporte\/#breadcrumb\"},\"inLanguage\":\"en-US\",\"potentialAction\":[{\"@type\":\"ReadAction\",\"target\":[\"https:\/\/www.openenglish.com\/us-br\/suporte\/\"]}]},{\"@type\":\"ImageObject\",\"inLanguage\":\"en-US\",\"@id\":\"https:\/\/www.openenglish.com\/us-br\/suporte\/#primaryimage\",\"url\":\"https:\/\/www.dev.openenglish.com.br\/inter\/us-br\/wp-content\/uploads\/sites\/7\/sites\/21\/2022\/05\/hero-soporte-character-1200_1x.png\",\"contentUrl\":\"https:\/\/www.dev.openenglish.com.br\/inter\/us-br\/wp-content\/uploads\/sites\/7\/sites\/21\/2022\/05\/hero-soporte-character-1200_1x.png\"},{\"@type\":\"BreadcrumbList\",\"@id\":\"https:\/\/www.openenglish.com\/us-br\/suporte\/#breadcrumb\",\"itemListElement\":[{\"@type\":\"ListItem\",\"position\":1,\"name\":\"In\u00edcio\",\"item\":\"https:\/\/www.openenglish.com\/us-br\/\"},{\"@type\":\"ListItem\",\"position\":2,\"name\":\"OE BR | New Page | Soporte 2022\"}]},{\"@type\":\"WebSite\",\"@id\":\"https:\/\/www.openenglish.com\/us-br\/#website\",\"url\":\"https:\/\/www.openenglish.com\/us-br\/\",\"name\":\"Open English Brasil\",\"description\":\"Copyright \u00a9 2025 Open Education LLC. Todos os direitos reservados. Os nomes e logotipos Open English e Open English Junior s\u00e3o marcas registradas.\",\"potentialAction\":[{\"@type\":\"SearchAction\",\"target\":{\"@type\":\"EntryPoint\",\"urlTemplate\":\"https:\/\/www.openenglish.com\/us-br\/?s={search_term_string}\"},\"query-input\":{\"@type\":\"PropertyValueSpecification\",\"valueRequired\":true,\"valueName\":\"search_term_string\"}}],\"inLanguage\":\"en-US\"}]}<\/script>\n<!-- \/ Yoast SEO plugin. -->","yoast_head_json":{"title":"Suporte Open English - Tem uma D\u00favida T\u00e9cnica? Fale com a gente","description":"Se estiver procurando ajuda ou tiver d\u00favidas, n\u00e3o se preocupe. Conte com nossa equipe de suporte, dispon\u00edvel sempre que voc\u00ea precisar.","robots":{"index":"index","follow":"follow","max-snippet":"max-snippet:-1","max-image-preview":"max-image-preview:large","max-video-preview":"max-video-preview:-1"},"canonical":"https:\/\/www.openenglish.com\/us-br\/suporte\/","og_locale":"pt_PT","og_type":"article","og_title":"Precisa de ajuda? Conte com a gente!","og_description":"Assista a nossos tutoriais e encontre as respostas \u00e0s suas d\u00favidas sobre o nosso curso.","og_url":"https:\/\/www.openenglish.com\/us-br\/suporte\/","og_site_name":"Open English Brasil","article_publisher":"https:\/\/www.facebook.com\/OpenEnglishBrazil\/","article_modified_time":"2025-10-07T20:04:44+00:00","og_image":[{"width":1200,"height":630,"url":"https:\/\/www.openenglish.com\/us-br\/us-br\/wp-content\/uploads\/sites\/7\/2015\/12\/Open-English-Logo_og.jpg","type":"image\/jpeg"}],"twitter_card":"summary_large_image","twitter_title":"Precisa de ajuda? Conte com a gente!","twitter_description":"Assista a nossos tutoriais e encontre as respostas \u00e0s suas d\u00favidas sobre o nosso curso.","twitter_site":"@OpenEnglish","twitter_misc":{"Est. reading time":"3 minutes"},"schema":{"@context":"https:\/\/schema.org","@graph":[{"@type":"WebPage","@id":"https:\/\/www.openenglish.com\/us-br\/suporte\/","url":"https:\/\/www.openenglish.com\/us-br\/suporte\/","name":"Suporte Open English - Tem uma D\u00favida T\u00e9cnica? Fale com a gente","isPartOf":{"@id":"https:\/\/www.openenglish.com\/us-br\/#website"},"primaryImageOfPage":{"@id":"https:\/\/www.openenglish.com\/us-br\/suporte\/#primaryimage"},"image":{"@id":"https:\/\/www.openenglish.com\/us-br\/suporte\/#primaryimage"},"thumbnailUrl":"https:\/\/www.dev.openenglish.com.br\/inter\/us-br\/wp-content\/uploads\/sites\/7\/sites\/21\/2022\/05\/hero-soporte-character-1200_1x.png","datePublished":"2022-05-27T15:03:02+00:00","dateModified":"2025-10-07T20:04:44+00:00","description":"Se estiver procurando ajuda ou tiver d\u00favidas, n\u00e3o se preocupe. Conte com nossa equipe de suporte, dispon\u00edvel sempre que voc\u00ea precisar.","breadcrumb":{"@id":"https:\/\/www.openenglish.com\/us-br\/suporte\/#breadcrumb"},"inLanguage":"en-US","potentialAction":[{"@type":"ReadAction","target":["https:\/\/www.openenglish.com\/us-br\/suporte\/"]}]},{"@type":"ImageObject","inLanguage":"en-US","@id":"https:\/\/www.openenglish.com\/us-br\/suporte\/#primaryimage","url":"https:\/\/www.dev.openenglish.com.br\/inter\/us-br\/wp-content\/uploads\/sites\/7\/sites\/21\/2022\/05\/hero-soporte-character-1200_1x.png","contentUrl":"https:\/\/www.dev.openenglish.com.br\/inter\/us-br\/wp-content\/uploads\/sites\/7\/sites\/21\/2022\/05\/hero-soporte-character-1200_1x.png"},{"@type":"BreadcrumbList","@id":"https:\/\/www.openenglish.com\/us-br\/suporte\/#breadcrumb","itemListElement":[{"@type":"ListItem","position":1,"name":"In\u00edcio","item":"https:\/\/www.openenglish.com\/us-br\/"},{"@type":"ListItem","position":2,"name":"OE BR | New Page | Soporte 2022"}]},{"@type":"WebSite","@id":"https:\/\/www.openenglish.com\/us-br\/#website","url":"https:\/\/www.openenglish.com\/us-br\/","name":"Open English Brasil","description":"Copyright \u00a9 2025 Open Education LLC. Todos os direitos reservados. Os nomes e logotipos Open English e Open English Junior s\u00e3o marcas registradas.","potentialAction":[{"@type":"SearchAction","target":{"@type":"EntryPoint","urlTemplate":"https:\/\/www.openenglish.com\/us-br\/?s={search_term_string}"},"query-input":{"@type":"PropertyValueSpecification","valueRequired":true,"valueName":"search_term_string"}}],"inLanguage":"en-US"}]}},"_links":{"self":[{"href":"https:\/\/www.openenglish.com\/us-br\/wp-json\/wp\/v2\/pages\/12903","targetHints":{"allow":["GET"]}}],"collection":[{"href":"https:\/\/www.openenglish.com\/us-br\/wp-json\/wp\/v2\/pages"}],"about":[{"href":"https:\/\/www.openenglish.com\/us-br\/wp-json\/wp\/v2\/types\/page"}],"author":[{"embeddable":true,"href":"https:\/\/www.openenglish.com\/us-br\/wp-json\/wp\/v2\/users\/12"}],"replies":[{"embeddable":true,"href":"https:\/\/www.openenglish.com\/us-br\/wp-json\/wp\/v2\/comments?post=12903"}],"version-history":[{"count":0,"href":"https:\/\/www.openenglish.com\/us-br\/wp-json\/wp\/v2\/pages\/12903\/revisions"}],"wp:attachment":[{"href":"https:\/\/www.openenglish.com\/us-br\/wp-json\/wp\/v2\/media?parent=12903"}],"curies":[{"name":"wp","href":"https:\/\/api.w.org\/{rel}","templated":true}]}}