{"id":6810,"date":"2019-11-01T09:27:10","date_gmt":"2019-11-01T13:27:10","guid":{"rendered":"https:\/\/www.stg.openenglish.com\/blog\/open-mundo\/?page_id=6810"},"modified":"2019-11-27T15:27:42","modified_gmt":"2019-11-27T20:27:42","slug":"homepage-new-blog","status":"publish","type":"page","link":"https:\/\/www.openenglish.com\/open-mundo\/blog\/homepage-new-blog\/","title":{"rendered":"Homepage New Blog"},"content":{"rendered":"","protected":false},"excerpt":{"rendered":"","protected":false},"author":11,"featured_media":0,"parent":0,"menu_order":0,"comment_status":"closed","ping_status":"closed","template":"home-template.php","meta":{"_lmt_disableupdate":"","_lmt_disable":"","footnotes":""},"class_list":["post-6810","page","type-page","status-publish","hentry"],"yoast_head":"<!-- This site is optimized with the Yoast SEO plugin v25.9 - https:\/\/yoast.com\/wordpress\/plugins\/seo\/ -->\n<title>Blog de Open English: Aprende Ingl\u00e9s Gratis y F\u00e1cil.<\/title>\n<meta name=\"description\" content=\"Aprende ingl\u00e9s gratis con nuestros contenidos de gr\u00e1matica, ejercicios, pronunciaci\u00f3n, vocabulario, tips, ingl\u00e9s para ni\u00f1os, novedades de nuestro curso de ingl\u00e9s online y m\u00e1s.\" \/>\n<meta name=\"robots\" content=\"index, follow, max-snippet:-1, max-image-preview:large, max-video-preview:-1\" \/>\n<link rel=\"canonical\" href=\"https:\/\/www.openenglish.com\/open-mundo\/blog\/homepage-new-blog\/\" \/>\n<meta property=\"og:locale\" content=\"es_ES\" \/>\n<meta property=\"og:type\" content=\"article\" \/>\n<meta property=\"og:title\" content=\"Blog de Open English: Aprende Ingl\u00e9s Gratis y F\u00e1cil.\" \/>\n<meta property=\"og:description\" content=\"Aprende ingl\u00e9s gratis con nuestros contenidos de gr\u00e1matica, ejercicios, pronunciaci\u00f3n, vocabulario, tips, ingl\u00e9s para ni\u00f1os, novedades de nuestro curso de ingl\u00e9s online y m\u00e1s.\" \/>\n<meta property=\"og:url\" content=\"https:\/\/www.openenglish.com\/open-mundo\/blog\/homepage-new-blog\/\" \/>\n<meta property=\"og:site_name\" content=\"Open Mundo\" \/>\n<meta property=\"article:modified_time\" content=\"2019-11-27T20:27:42+00:00\" \/>\n<meta name=\"twitter:card\" content=\"summary_large_image\" \/>\n<script type=\"application\/ld+json\" class=\"yoast-schema-graph\">{\"@context\":\"https:\/\/schema.org\",\"@graph\":[{\"@type\":\"WebPage\",\"@id\":\"https:\/\/www.openenglish.com\/open-mundo\/blog\/homepage-new-blog\/\",\"url\":\"https:\/\/www.openenglish.com\/open-mundo\/blog\/homepage-new-blog\/\",\"name\":\"Blog de Open English: Aprende Ingl\u00e9s Gratis y F\u00e1cil.\",\"isPartOf\":{\"@id\":\"https:\/\/www.openenglish.com\/open-mundo\/blog\/#website\"},\"datePublished\":\"2019-11-01T13:27:10+00:00\",\"dateModified\":\"2019-11-27T20:27:42+00:00\",\"description\":\"Aprende ingl\u00e9s gratis con nuestros contenidos de gr\u00e1matica, ejercicios, pronunciaci\u00f3n, vocabulario, tips, ingl\u00e9s para ni\u00f1os, novedades de nuestro curso de ingl\u00e9s online y m\u00e1s.\",\"breadcrumb\":{\"@id\":\"https:\/\/www.openenglish.com\/open-mundo\/blog\/homepage-new-blog\/#breadcrumb\"},\"inLanguage\":\"es\",\"potentialAction\":[{\"@type\":\"ReadAction\",\"target\":[\"https:\/\/www.openenglish.com\/open-mundo\/blog\/homepage-new-blog\/\"]}]},{\"@type\":\"BreadcrumbList\",\"@id\":\"https:\/\/www.openenglish.com\/open-mundo\/blog\/homepage-new-blog\/#breadcrumb\",\"itemListElement\":[{\"@type\":\"ListItem\",\"position\":1,\"name\":\"Home\",\"item\":\"https:\/\/www.openenglish.com\/open-mundo\/blog\/\"},{\"@type\":\"ListItem\",\"position\":2,\"name\":\"Homepage New Blog\"}]},{\"@type\":\"WebSite\",\"@id\":\"https:\/\/www.openenglish.com\/open-mundo\/blog\/#website\",\"url\":\"https:\/\/www.openenglish.com\/open-mundo\/blog\/\",\"name\":\"Open Mundo\",\"description\":\"Aprende Idiomas con Open Mundo\",\"potentialAction\":[{\"@type\":\"SearchAction\",\"target\":{\"@type\":\"EntryPoint\",\"urlTemplate\":\"https:\/\/www.openenglish.com\/open-mundo\/blog\/?s={search_term_string}\"},\"query-input\":{\"@type\":\"PropertyValueSpecification\",\"valueRequired\":true,\"valueName\":\"search_term_string\"}}],\"inLanguage\":\"es\"}]}<\/script>\n<!-- \/ Yoast SEO plugin. -->","yoast_head_json":{"title":"Blog de Open English: Aprende Ingl\u00e9s Gratis y F\u00e1cil.","description":"Aprende ingl\u00e9s gratis con nuestros contenidos de gr\u00e1matica, ejercicios, pronunciaci\u00f3n, vocabulario, tips, ingl\u00e9s para ni\u00f1os, novedades de nuestro curso de ingl\u00e9s online y m\u00e1s.","robots":{"index":"index","follow":"follow","max-snippet":"max-snippet:-1","max-image-preview":"max-image-preview:large","max-video-preview":"max-video-preview:-1"},"canonical":"https:\/\/www.openenglish.com\/open-mundo\/blog\/homepage-new-blog\/","og_locale":"es_ES","og_type":"article","og_title":"Blog de Open English: Aprende Ingl\u00e9s Gratis y F\u00e1cil.","og_description":"Aprende ingl\u00e9s gratis con nuestros contenidos de gr\u00e1matica, ejercicios, pronunciaci\u00f3n, vocabulario, tips, ingl\u00e9s para ni\u00f1os, novedades de nuestro curso de ingl\u00e9s online y m\u00e1s.","og_url":"https:\/\/www.openenglish.com\/open-mundo\/blog\/homepage-new-blog\/","og_site_name":"Open Mundo","article_modified_time":"2019-11-27T20:27:42+00:00","twitter_card":"summary_large_image","schema":{"@context":"https:\/\/schema.org","@graph":[{"@type":"WebPage","@id":"https:\/\/www.openenglish.com\/open-mundo\/blog\/homepage-new-blog\/","url":"https:\/\/www.openenglish.com\/open-mundo\/blog\/homepage-new-blog\/","name":"Blog de Open English: Aprende Ingl\u00e9s Gratis y F\u00e1cil.","isPartOf":{"@id":"https:\/\/www.openenglish.com\/open-mundo\/blog\/#website"},"datePublished":"2019-11-01T13:27:10+00:00","dateModified":"2019-11-27T20:27:42+00:00","description":"Aprende ingl\u00e9s gratis con nuestros contenidos de gr\u00e1matica, ejercicios, pronunciaci\u00f3n, vocabulario, tips, ingl\u00e9s para ni\u00f1os, novedades de nuestro curso de ingl\u00e9s online y m\u00e1s.","breadcrumb":{"@id":"https:\/\/www.openenglish.com\/open-mundo\/blog\/homepage-new-blog\/#breadcrumb"},"inLanguage":"es","potentialAction":[{"@type":"ReadAction","target":["https:\/\/www.openenglish.com\/open-mundo\/blog\/homepage-new-blog\/"]}]},{"@type":"BreadcrumbList","@id":"https:\/\/www.openenglish.com\/open-mundo\/blog\/homepage-new-blog\/#breadcrumb","itemListElement":[{"@type":"ListItem","position":1,"name":"Home","item":"https:\/\/www.openenglish.com\/open-mundo\/blog\/"},{"@type":"ListItem","position":2,"name":"Homepage New Blog"}]},{"@type":"WebSite","@id":"https:\/\/www.openenglish.com\/open-mundo\/blog\/#website","url":"https:\/\/www.openenglish.com\/open-mundo\/blog\/","name":"Open Mundo","description":"Aprende Idiomas con Open Mundo","potentialAction":[{"@type":"SearchAction","target":{"@type":"EntryPoint","urlTemplate":"https:\/\/www.openenglish.com\/open-mundo\/blog\/?s={search_term_string}"},"query-input":{"@type":"PropertyValueSpecification","valueRequired":true,"valueName":"search_term_string"}}],"inLanguage":"es"}]}},"_links":{"self":[{"href":"https:\/\/www.openenglish.com\/open-mundo\/blog\/wp-json\/wp\/v2\/pages\/6810","targetHints":{"allow":["GET"]}}],"collection":[{"href":"https:\/\/www.openenglish.com\/open-mundo\/blog\/wp-json\/wp\/v2\/pages"}],"about":[{"href":"https:\/\/www.openenglish.com\/open-mundo\/blog\/wp-json\/wp\/v2\/types\/page"}],"author":[{"embeddable":true,"href":"https:\/\/www.openenglish.com\/open-mundo\/blog\/wp-json\/wp\/v2\/users\/11"}],"replies":[{"embeddable":true,"href":"https:\/\/www.openenglish.com\/open-mundo\/blog\/wp-json\/wp\/v2\/comments?post=6810"}],"version-history":[{"count":0,"href":"https:\/\/www.openenglish.com\/open-mundo\/blog\/wp-json\/wp\/v2\/pages\/6810\/revisions"}],"wp:attachment":[{"href":"https:\/\/www.openenglish.com\/open-mundo\/blog\/wp-json\/wp\/v2\/media?parent=6810"}],"curies":[{"name":"wp","href":"https:\/\/api.w.org\/{rel}","templated":true}]}}