{"id":9251,"date":"2022-03-09T01:00:12","date_gmt":"2022-03-09T06:00:12","guid":{"rendered":"https:\/\/www.openenglish.com\/blog\/es\/?page_id=9251"},"modified":"2022-03-09T01:45:34","modified_gmt":"2022-03-09T06:45:34","slug":"new-homepage-2022","status":"publish","type":"page","link":"https:\/\/www.openenglish.com\/blog\/es\/","title":{"rendered":"New Homepage 2022"},"content":{"rendered":"","protected":false},"excerpt":{"rendered":"","protected":false},"author":59,"featured_media":0,"parent":0,"menu_order":0,"comment_status":"closed","ping_status":"closed","template":"page-blog-hp-new.php","meta":{"_acf_changed":false,"_lmt_disableupdate":"no","_lmt_disable":"","footnotes":""},"class_list":["post-9251","page","type-page","status-publish","hentry"],"acf":[],"yoast_head":"<!-- This site is optimized with the Yoast SEO plugin v25.9 - https:\/\/yoast.com\/wordpress\/plugins\/seo\/ -->\n<title>Blog de Open English: Aprende Ingl\u00e9s Gratis y F\u00e1cil.<\/title>\n<meta name=\"description\" content=\"Aprende ingl\u00e9s gratis con nuestros contenidos de gr\u00e1matica, ejercicios, pronunciaci\u00f3n, vocabulario, tips, ingl\u00e9s para ni\u00f1os, novedades de nuestro curso de ingl\u00e9s online y m\u00e1s.\" \/>\n<meta name=\"robots\" content=\"index, follow, max-snippet:-1, max-image-preview:large, max-video-preview:-1\" \/>\n<link rel=\"canonical\" href=\"https:\/\/www.openenglish.com\/blog\/es\/\" \/>\n<meta property=\"og:locale\" content=\"es_ES\" \/>\n<meta property=\"og:type\" content=\"article\" \/>\n<meta property=\"og:title\" content=\"Blog de Open English: Aprende Ingl\u00e9s Gratis y F\u00e1cil.\" \/>\n<meta property=\"og:description\" content=\"Aprende ingl\u00e9s gratis con nuestros contenidos de gr\u00e1matica, ejercicios, pronunciaci\u00f3n, vocabulario, tips, ingl\u00e9s para ni\u00f1os, novedades de nuestro curso de ingl\u00e9s online y m\u00e1s.\" \/>\n<meta property=\"og:url\" content=\"https:\/\/www.openenglish.com\/blog\/es\/\" \/>\n<meta property=\"og:site_name\" content=\"Open English\" \/>\n<meta property=\"article:modified_time\" content=\"2022-03-09T06:45:34+00:00\" \/>\n<meta name=\"twitter:card\" content=\"summary_large_image\" \/>\n<script type=\"application\/ld+json\" class=\"yoast-schema-graph\">{\"@context\":\"https:\/\/schema.org\",\"@graph\":[{\"@type\":\"WebPage\",\"@id\":\"https:\/\/www.openenglish.com\/blog\/es\/\",\"url\":\"https:\/\/www.openenglish.com\/blog\/es\/\",\"name\":\"Blog de Open English: Aprende Ingl\u00e9s Gratis y F\u00e1cil.\",\"isPartOf\":{\"@id\":\"https:\/\/www.openenglish.com\/blog\/es\/#website\"},\"datePublished\":\"2022-03-09T06:00:12+00:00\",\"dateModified\":\"2022-03-09T06:45:34+00:00\",\"description\":\"Aprende ingl\u00e9s gratis con nuestros contenidos de gr\u00e1matica, ejercicios, pronunciaci\u00f3n, vocabulario, tips, ingl\u00e9s para ni\u00f1os, novedades de nuestro curso de ingl\u00e9s online y m\u00e1s.\",\"breadcrumb\":{\"@id\":\"https:\/\/www.openenglish.com\/blog\/es\/#breadcrumb\"},\"inLanguage\":\"es\",\"potentialAction\":[{\"@type\":\"ReadAction\",\"target\":[\"https:\/\/www.openenglish.com\/blog\/es\/\"]}]},{\"@type\":\"BreadcrumbList\",\"@id\":\"https:\/\/www.openenglish.com\/blog\/es\/#breadcrumb\",\"itemListElement\":[{\"@type\":\"ListItem\",\"position\":1,\"name\":\"Home\",\"item\":\"https:\/\/www.openenglish.com\/blog\/es\/\"},{\"@type\":\"ListItem\",\"position\":2,\"name\":\"New Homepage 2022\"}]},{\"@type\":\"WebSite\",\"@id\":\"https:\/\/www.openenglish.com\/blog\/es\/#website\",\"url\":\"https:\/\/www.openenglish.com\/blog\/es\/\",\"name\":\"Open English\",\"description\":\"Aprende Ingles con Open English\",\"potentialAction\":[{\"@type\":\"SearchAction\",\"target\":{\"@type\":\"EntryPoint\",\"urlTemplate\":\"https:\/\/www.openenglish.com\/blog\/es\/?s={search_term_string}\"},\"query-input\":{\"@type\":\"PropertyValueSpecification\",\"valueRequired\":true,\"valueName\":\"search_term_string\"}}],\"inLanguage\":\"es\"}]}<\/script>\n<!-- \/ Yoast SEO plugin. -->","yoast_head_json":{"title":"Blog de Open English: Aprende Ingl\u00e9s Gratis y F\u00e1cil.","description":"Aprende ingl\u00e9s gratis con nuestros contenidos de gr\u00e1matica, ejercicios, pronunciaci\u00f3n, vocabulario, tips, ingl\u00e9s para ni\u00f1os, novedades de nuestro curso de ingl\u00e9s online y m\u00e1s.","robots":{"index":"index","follow":"follow","max-snippet":"max-snippet:-1","max-image-preview":"max-image-preview:large","max-video-preview":"max-video-preview:-1"},"canonical":"https:\/\/www.openenglish.com\/blog\/es\/","og_locale":"es_ES","og_type":"article","og_title":"Blog de Open English: Aprende Ingl\u00e9s Gratis y F\u00e1cil.","og_description":"Aprende ingl\u00e9s gratis con nuestros contenidos de gr\u00e1matica, ejercicios, pronunciaci\u00f3n, vocabulario, tips, ingl\u00e9s para ni\u00f1os, novedades de nuestro curso de ingl\u00e9s online y m\u00e1s.","og_url":"https:\/\/www.openenglish.com\/blog\/es\/","og_site_name":"Open English","article_modified_time":"2022-03-09T06:45:34+00:00","twitter_card":"summary_large_image","schema":{"@context":"https:\/\/schema.org","@graph":[{"@type":"WebPage","@id":"https:\/\/www.openenglish.com\/blog\/es\/","url":"https:\/\/www.openenglish.com\/blog\/es\/","name":"Blog de Open English: Aprende Ingl\u00e9s Gratis y F\u00e1cil.","isPartOf":{"@id":"https:\/\/www.openenglish.com\/blog\/es\/#website"},"datePublished":"2022-03-09T06:00:12+00:00","dateModified":"2022-03-09T06:45:34+00:00","description":"Aprende ingl\u00e9s gratis con nuestros contenidos de gr\u00e1matica, ejercicios, pronunciaci\u00f3n, vocabulario, tips, ingl\u00e9s para ni\u00f1os, novedades de nuestro curso de ingl\u00e9s online y m\u00e1s.","breadcrumb":{"@id":"https:\/\/www.openenglish.com\/blog\/es\/#breadcrumb"},"inLanguage":"es","potentialAction":[{"@type":"ReadAction","target":["https:\/\/www.openenglish.com\/blog\/es\/"]}]},{"@type":"BreadcrumbList","@id":"https:\/\/www.openenglish.com\/blog\/es\/#breadcrumb","itemListElement":[{"@type":"ListItem","position":1,"name":"Home","item":"https:\/\/www.openenglish.com\/blog\/es\/"},{"@type":"ListItem","position":2,"name":"New Homepage 2022"}]},{"@type":"WebSite","@id":"https:\/\/www.openenglish.com\/blog\/es\/#website","url":"https:\/\/www.openenglish.com\/blog\/es\/","name":"Open English","description":"Aprende Ingles con Open English","potentialAction":[{"@type":"SearchAction","target":{"@type":"EntryPoint","urlTemplate":"https:\/\/www.openenglish.com\/blog\/es\/?s={search_term_string}"},"query-input":{"@type":"PropertyValueSpecification","valueRequired":true,"valueName":"search_term_string"}}],"inLanguage":"es"}]}},"_links":{"self":[{"href":"https:\/\/www.openenglish.com\/blog\/es\/wp-json\/wp\/v2\/pages\/9251","targetHints":{"allow":["GET"]}}],"collection":[{"href":"https:\/\/www.openenglish.com\/blog\/es\/wp-json\/wp\/v2\/pages"}],"about":[{"href":"https:\/\/www.openenglish.com\/blog\/es\/wp-json\/wp\/v2\/types\/page"}],"author":[{"embeddable":true,"href":"https:\/\/www.openenglish.com\/blog\/es\/wp-json\/wp\/v2\/users\/59"}],"replies":[{"embeddable":true,"href":"https:\/\/www.openenglish.com\/blog\/es\/wp-json\/wp\/v2\/comments?post=9251"}],"version-history":[{"count":1,"href":"https:\/\/www.openenglish.com\/blog\/es\/wp-json\/wp\/v2\/pages\/9251\/revisions"}],"predecessor-version":[{"id":9252,"href":"https:\/\/www.openenglish.com\/blog\/es\/wp-json\/wp\/v2\/pages\/9251\/revisions\/9252"}],"wp:attachment":[{"href":"https:\/\/www.openenglish.com\/blog\/es\/wp-json\/wp\/v2\/media?parent=9251"}],"curies":[{"name":"wp","href":"https:\/\/api.w.org\/{rel}","templated":true}]}}